{"id":309,"date":"2026-02-07T19:13:07","date_gmt":"2026-02-07T22:13:07","guid":{"rendered":"https:\/\/ochoartes.com.ar\/tienda\/producto\/el-eternauta\/"},"modified":"2026-02-08T00:12:25","modified_gmt":"2026-02-08T03:12:25","slug":"el-eternauta","status":"publish","type":"product","link":"https:\/\/ochoartes.com.ar\/tienda\/producto\/el-eternauta\/","title":{"rendered":"El Eternauta"},"content":{"rendered":"<p>Sticker base tornasolada Tinta negra. Resistente al agua. Puntas redondeadas. Tama\u00f1o 63x88mm estilo cartas coleccionables (MTG, Pokemon, Yu-Gi-Oh!)<\/p>\n","protected":false},"excerpt":{"rendered":"<p>Fanart de personaje de historieta argentina \u201cEl Eternauta\u201d, de H\u00e9ctor Germ\u00e1n Oesterheld y Francisco Solano L\u00f3pez. Ilustraci\u00f3n original de Mart\u00edn Ochoa.<\/p>\n","protected":false},"featured_media":403,"comment_status":"open","ping_status":"closed","template":"","meta":[],"product_brand":[],"product_cat":[27],"product_tag":[],"class_list":{"0":"post-309","1":"product","2":"type-product","3":"status-publish","4":"has-post-thumbnail","6":"product_cat-stickers-tornasolados","8":"first","9":"instock","10":"sale","11":"shipping-taxable","12":"purchasable","13":"product-type-simple"},"_links":{"self":[{"href":"https:\/\/ochoartes.com.ar\/tienda\/wp-json\/wp\/v2\/product\/309","targetHints":{"allow":["GET"]}}],"collection":[{"href":"https:\/\/ochoartes.com.ar\/tienda\/wp-json\/wp\/v2\/product"}],"about":[{"href":"https:\/\/ochoartes.com.ar\/tienda\/wp-json\/wp\/v2\/types\/product"}],"replies":[{"embeddable":true,"href":"https:\/\/ochoartes.com.ar\/tienda\/wp-json\/wp\/v2\/comments?post=309"}],"wp:featuredmedia":[{"embeddable":true,"href":"https:\/\/ochoartes.com.ar\/tienda\/wp-json\/wp\/v2\/media\/403"}],"wp:attachment":[{"href":"https:\/\/ochoartes.com.ar\/tienda\/wp-json\/wp\/v2\/media?parent=309"}],"wp:term":[{"taxonomy":"product_brand","embeddable":true,"href":"https:\/\/ochoartes.com.ar\/tienda\/wp-json\/wp\/v2\/product_brand?post=309"},{"taxonomy":"product_cat","embeddable":true,"href":"https:\/\/ochoartes.com.ar\/tienda\/wp-json\/wp\/v2\/product_cat?post=309"},{"taxonomy":"product_tag","embeddable":true,"href":"https:\/\/ochoartes.com.ar\/tienda\/wp-json\/wp\/v2\/product_tag?post=309"}],"curies":[{"name":"wp","href":"https:\/\/api.w.org\/{rel}","templated":true}]}}