{"id":134,"date":"2024-08-22T12:18:10","date_gmt":"2024-08-22T15:18:10","guid":{"rendered":"https:\/\/ochoartes.com.ar\/tienda\/?post_type=product&#038;p=134"},"modified":"2025-10-06T19:07:07","modified_gmt":"2025-10-06T22:07:07","slug":"la-verdadera-planta-del-pie","status":"publish","type":"product","link":"https:\/\/ochoartes.com.ar\/tienda\/producto\/la-verdadera-planta-del-pie\/","title":{"rendered":"La verdadera planta del pie"},"content":{"rendered":"","protected":false},"excerpt":{"rendered":"<p>Macetita de pie cer\u00e1mica con plata suculenta. Objeto de dise\u00f1o de Mar\u00eda Paula Ochoa<\/p>\n<p><strong>\u00abLa verdadera planta del pie\u00bb&#8230;.<\/strong> la literalidad a la orden del d\u00eda<\/p>\n<p>Disponible en varios colores en\u00a0 pies derechos e izquierdos \ud83d\ude09<\/p>\n<p>1 pie: <strong>$4000<\/strong><\/p>\n<p style=\"text-align: left;\"><em>El par de pies:<strong> $7000<\/strong><\/em><\/p>\n<p>&nbsp;<\/p>\n","protected":false},"featured_media":136,"comment_status":"closed","ping_status":"closed","template":"","meta":[],"product_brand":[],"product_cat":[16],"product_tag":[],"class_list":{"0":"post-134","1":"product","2":"type-product","3":"status-publish","4":"has-post-thumbnail","6":"product_cat-ceramica","8":"first","9":"instock","10":"shipping-taxable","11":"purchasable","12":"product-type-simple"},"_links":{"self":[{"href":"https:\/\/ochoartes.com.ar\/tienda\/wp-json\/wp\/v2\/product\/134","targetHints":{"allow":["GET"]}}],"collection":[{"href":"https:\/\/ochoartes.com.ar\/tienda\/wp-json\/wp\/v2\/product"}],"about":[{"href":"https:\/\/ochoartes.com.ar\/tienda\/wp-json\/wp\/v2\/types\/product"}],"replies":[{"embeddable":true,"href":"https:\/\/ochoartes.com.ar\/tienda\/wp-json\/wp\/v2\/comments?post=134"}],"wp:featuredmedia":[{"embeddable":true,"href":"https:\/\/ochoartes.com.ar\/tienda\/wp-json\/wp\/v2\/media\/136"}],"wp:attachment":[{"href":"https:\/\/ochoartes.com.ar\/tienda\/wp-json\/wp\/v2\/media?parent=134"}],"wp:term":[{"taxonomy":"product_brand","embeddable":true,"href":"https:\/\/ochoartes.com.ar\/tienda\/wp-json\/wp\/v2\/product_brand?post=134"},{"taxonomy":"product_cat","embeddable":true,"href":"https:\/\/ochoartes.com.ar\/tienda\/wp-json\/wp\/v2\/product_cat?post=134"},{"taxonomy":"product_tag","embeddable":true,"href":"https:\/\/ochoartes.com.ar\/tienda\/wp-json\/wp\/v2\/product_tag?post=134"}],"curies":[{"name":"wp","href":"https:\/\/api.w.org\/{rel}","templated":true}]}}