{"id":3,"date":"2021-09-04T20:14:26","date_gmt":"2021-09-04T20:14:26","guid":{"rendered":"https:\/\/ochoartes.com.ar\/tienda\/?page_id=3"},"modified":"2024-11-15T16:15:43","modified_gmt":"2024-11-15T19:15:43","slug":"privacy-policy","status":"publish","type":"page","link":"https:\/\/ochoartes.com.ar\/tienda\/privacy-policy\/","title":{"rendered":"Pol\u00edtica de privacidad"},"content":{"rendered":"\n<h2 class=\"wp-block-heading\">Qui\u00e9nes somos<\/h2>\n\n\n\n<p>Un emprendimiento familiar llevado adelante por Paulita Ochoa y Mart\u00edn Ochoa (seguramente se van a suman m\u00e1s hermanos y familiares en un futuro)<\/p>\n\n\n\n<h2 class=\"wp-block-heading\">Objetivos<\/h2>\n\n\n\n<p>Acercar nuestro arte y oficios de manera directa a quienes est\u00e9n interesados.<\/p>\n\n\n\n<h2 class=\"wp-block-heading\">Privacidad<\/h2>\n\n\n\n<p>Los datos personales para realizar los pedidos son utilizados \u00fanicamente para tal fin. No se cruzan, ni se hace seguimiento de marketing de ning\u00fan tipo. Tampoco se comparte ni se venden a ninguna empresa.<\/p>\n\n\n\n<p>Utilizamos WordPress con Woocommerce sin modificaciones, que son software libre y auditable por la comunidad mundial de c\u00f3digo abierto.<\/p>\n","protected":false},"excerpt":{"rendered":"<p>Qui\u00e9nes somos Un emprendimiento familiar llevado adelante por Paulita Ochoa y Mart\u00edn Ochoa (seguramente se van a suman m\u00e1s hermanos y familiares en un futuro) Objetivos Acercar nuestro arte y oficios de manera directa a quienes est\u00e9n interesados. Privacidad Los datos personales para realizar los pedidos son utilizados \u00fanicamente para tal fin. No se cruzan, [&hellip;]<\/p>\n","protected":false},"author":1,"featured_media":0,"parent":0,"menu_order":0,"comment_status":"closed","ping_status":"open","template":"","meta":{"footnotes":""},"class_list":["post-3","page","type-page","status-publish","hentry"],"_links":{"self":[{"href":"https:\/\/ochoartes.com.ar\/tienda\/wp-json\/wp\/v2\/pages\/3","targetHints":{"allow":["GET"]}}],"collection":[{"href":"https:\/\/ochoartes.com.ar\/tienda\/wp-json\/wp\/v2\/pages"}],"about":[{"href":"https:\/\/ochoartes.com.ar\/tienda\/wp-json\/wp\/v2\/types\/page"}],"author":[{"embeddable":true,"href":"https:\/\/ochoartes.com.ar\/tienda\/wp-json\/wp\/v2\/users\/1"}],"replies":[{"embeddable":true,"href":"https:\/\/ochoartes.com.ar\/tienda\/wp-json\/wp\/v2\/comments?post=3"}],"version-history":[{"count":1,"href":"https:\/\/ochoartes.com.ar\/tienda\/wp-json\/wp\/v2\/pages\/3\/revisions"}],"predecessor-version":[{"id":217,"href":"https:\/\/ochoartes.com.ar\/tienda\/wp-json\/wp\/v2\/pages\/3\/revisions\/217"}],"wp:attachment":[{"href":"https:\/\/ochoartes.com.ar\/tienda\/wp-json\/wp\/v2\/media?parent=3"}],"curies":[{"name":"wp","href":"https:\/\/api.w.org\/{rel}","templated":true}]}}